{"id":67,"date":"2021-11-30T21:55:06","date_gmt":"2021-11-30T20:55:06","guid":{"rendered":"http:\/\/www.kattendorf.de\/www1\/feuerwehr\/?page_id=67"},"modified":"2026-04-14T14:55:58","modified_gmt":"2026-04-14T12:55:58","slug":"willkommen","status":"publish","type":"page","link":"https:\/\/www.kattendorf.de\/www1\/feuerwehr\/","title":{"rendered":"Home"},"content":{"rendered":"<h4 style=\"text-align: center;\"><span style=\"font-size: 18pt; font-family: arial, helvetica, sans-serif;\">Willkommen auf der Webseite der <\/span><\/h4>\n<h4 style=\"text-align: center;\"><span style=\"font-size: 24pt; font-family: arial, helvetica, sans-serif; color: #ff0000;\">Freiwilligen <\/span><span style=\"font-size: 24pt; font-family: arial, helvetica, sans-serif; color: #ff0000;\">Feuerwehr <\/span><span style=\"font-size: 24pt; font-family: arial, helvetica, sans-serif; color: #ff0000;\">Kattendorf<\/span><\/h4>\n<p style=\"text-align: center;\"><span style=\"font-family: arial, helvetica, sans-serif;\">Die Freiwillige Feuerwehr wurde am 15. M\u00e4rz 1934 gegr\u00fcndet und besteht nun seit mehr als 85 Jahren.<\/span><\/p>\n<h4 style=\"text-align: center;\"><span style=\"font-size: 24pt; font-family: arial, helvetica, sans-serif;\">In Notf\u00e4llen w\u00e4hlen Sie immer die <\/span><span style=\"font-family: arial, helvetica, sans-serif; font-size: 24pt;\">Notrufnummer <\/span><span style=\"color: #ff0000;\"><strong><em>112<\/em><\/strong><\/span><span style=\"color: #000000;\"> !<\/span><\/h4>\n<p style=\"text-align: center;\"><span style=\"font-size: 14pt; font-family: arial, helvetica, sans-serif;\">Die Freiwillige Feuerwehr sucht Nachwuchs in der aktiven Wehr. Interessenten, aber auch Interessentinnen, sind herzlich willkommen. Schaut einfach mal bei einem Dienstabend vorbei, oder meldet euch einfach bei Robert Schweda-Kaiser oder Christian Schr\u00f6der. <\/span><\/p>\n<p style=\"text-align: center;\"><span style=\"font-size: 14pt; font-family: arial, helvetica, sans-serif;\">Der aktuelle <strong><a href=\"https:\/\/www.kattendorf.de\/www1\/feuerwehr\/?page_id=99\">Dienstplan<\/a><\/strong> kann <a href=\"https:\/\/www.kattendorf.de\/www1\/feuerwehr\/?page_id=99\"><strong>hier<\/strong><\/a> eingesehen werden.<\/span><\/p>\n<p>&nbsp;<\/p>\n<p style=\"text-align: center;\"><span style=\"font-family: arial, helvetica, sans-serif;\"><strong><span style=\"font-size: 14pt;\">Adresse des Feuer<\/span><\/strong><\/span><span style=\"font-family: arial, helvetica, sans-serif;\"><strong><span style=\"font-size: 14pt;\">wehrger\u00e4tehauses:<\/span><\/strong><\/span><\/p>\n<p style=\"text-align: center;\"><span style=\"font-size: 14pt;\"><strong><a href=\"https:\/\/goo.gl\/maps\/tHknz6rjVCXuk6CD6\"><span style=\"font-family: arial, helvetica, sans-serif;\">Kaltenkirchener Stra\u00dfe 11, 24568 Kattendorf<\/span><\/a><\/strong><\/span><\/p>\n<p>&nbsp;<\/p>\n<p style=\"text-align: center;\"><span style=\"color: #ff0000;\"><em><span style=\"font-size: 18pt;\"><strong>Gemeindewehrf\u00fchrer:<\/strong><\/span><\/em><\/span><\/p>\n<p style=\"text-align: center;\"><span style=\"font-size: 14pt;\"><strong>Robert Schweda-Kaiser<\/strong><\/span><\/p>\n<p style=\"text-align: center;\"><span style=\"font-size: 14pt;\">Am Brahmberg 38<\/span><\/p>\n<p style=\"text-align: center;\"><span style=\"font-size: 14pt;\">24568 Kattendorf<\/span><\/p>\n<p style=\"text-align: center;\"><span style=\"font-size: 14pt;\"><strong>Tel.: 015142671441<\/strong><\/span><\/p>\n<p>&nbsp;<\/p>\n<hr \/>\n<p style=\"text-align: center;\"><span style=\"font-size: 18pt; color: #ff0000;\"><em><strong>stv. Gemeindewehrf\u00fchrer:<\/strong><\/em><\/span><\/p>\n<p style=\"text-align: center;\"><span style=\"font-size: 14pt;\"><strong>Jan Menkenhagen<\/strong><\/span><\/p>\n<p style=\"text-align: center;\"><span style=\"font-size: 14pt;\">Sieversh\u00fcttener Str. 2c<\/span><\/p>\n<p style=\"text-align: center;\"><span style=\"font-size: 14pt;\">24568 Kattendorf<\/span><\/p>\n<p style=\"text-align: center;\"><span style=\"font-size: 14pt;\"><strong>Tel.: 01777659740<\/strong><\/span><\/p>\n<p>&nbsp;<\/p>\n<hr \/>\n<p style=\"text-align: center;\"><span style=\"font-size: 18pt; font-family: arial, helvetica, sans-serif;\"><strong>Mail: <a href=\"mailto:wehrfuehrung@feuerwehr-kattendorf.de\">wehrfuehrung@feuerwehr-kattendorf.de<\/a><\/strong><\/span><\/p>\n","protected":false},"excerpt":{"rendered":"<p>Willkommen auf der Webseite der Freiwilligen Feuerwehr Kattendorf Die Freiwillige Feuerwehr wurde am 15. M\u00e4rz 1934 gegr\u00fcndet und besteht nun seit mehr als 85 Jahren. In Notf\u00e4llen w\u00e4hlen Sie immer die Notrufnummer 112 ! Die Freiwillige Feuerwehr sucht Nachwuchs in der aktiven Wehr. Interessenten, aber auch Interessentinnen, sind herzlich willkommen. Schaut einfach mal bei einem Dienstabend vorbei, oder meldet euch [&hellip;]<\/p>\n","protected":false},"author":4,"featured_media":0,"parent":0,"menu_order":0,"comment_status":"closed","ping_status":"closed","template":"","meta":{"footnotes":""},"class_list":["post-67","page","type-page","status-publish","hentry"],"publishpress_future_action":{"enabled":false,"date":"2026-05-06 12:07:09","action":"change-status","newStatus":"draft","terms":[],"taxonomy":"","extraData":[]},"publishpress_future_workflow_manual_trigger":{"enabledWorkflows":[]},"_links":{"self":[{"href":"https:\/\/www.kattendorf.de\/www1\/feuerwehr\/index.php?rest_route=\/wp\/v2\/pages\/67","targetHints":{"allow":["GET"]}}],"collection":[{"href":"https:\/\/www.kattendorf.de\/www1\/feuerwehr\/index.php?rest_route=\/wp\/v2\/pages"}],"about":[{"href":"https:\/\/www.kattendorf.de\/www1\/feuerwehr\/index.php?rest_route=\/wp\/v2\/types\/page"}],"author":[{"embeddable":true,"href":"https:\/\/www.kattendorf.de\/www1\/feuerwehr\/index.php?rest_route=\/wp\/v2\/users\/4"}],"replies":[{"embeddable":true,"href":"https:\/\/www.kattendorf.de\/www1\/feuerwehr\/index.php?rest_route=%2Fwp%2Fv2%2Fcomments&post=67"}],"version-history":[{"count":120,"href":"https:\/\/www.kattendorf.de\/www1\/feuerwehr\/index.php?rest_route=\/wp\/v2\/pages\/67\/revisions"}],"predecessor-version":[{"id":1215,"href":"https:\/\/www.kattendorf.de\/www1\/feuerwehr\/index.php?rest_route=\/wp\/v2\/pages\/67\/revisions\/1215"}],"wp:attachment":[{"href":"https:\/\/www.kattendorf.de\/www1\/feuerwehr\/index.php?rest_route=%2Fwp%2Fv2%2Fmedia&parent=67"}],"curies":[{"name":"wp","href":"https:\/\/api.w.org\/{rel}","templated":true}]}}