{"id":1427,"date":"2018-11-05T13:20:42","date_gmt":"2018-11-05T12:20:42","guid":{"rendered":"https:\/\/www.kattendorf.de\/www1\/?page_id=1427"},"modified":"2024-03-19T11:54:46","modified_gmt":"2024-03-19T10:54:46","slug":"kattendorf","status":"publish","type":"page","link":"https:\/\/www.kattendorf.de\/www1\/?page_id=1427","title":{"rendered":"Kattendorf"},"content":{"rendered":"\r\n<figure>Aktuelle Mitteilung Amt Kisdorf:<a href=\"https:\/\/amt-kisdorf.de\"><strong> Hier klicken<\/strong><\/a><\/figure>\r\n<figure><span style=\"font-size: 12pt;\"><strong>Herzlich Willkommen auf der Webseite der Gemeinde Kattendorf<\/strong><\/span><\/figure>\r\n<figure class=\"wp-block-image\"><img loading=\"lazy\" decoding=\"async\" width=\"2000\" height=\"1333\" class=\"wp-image-674\" src=\"https:\/\/www.kattendorf.de\/www1\/wp-content\/uploads\/2008\/11\/Kattendorf001-LB05-17.jpg\" alt=\"Luftbild-05-18\" srcset=\"https:\/\/www.kattendorf.de\/www1\/wp-content\/uploads\/2008\/11\/Kattendorf001-LB05-17.jpg 2000w, https:\/\/www.kattendorf.de\/www1\/wp-content\/uploads\/2008\/11\/Kattendorf001-LB05-17-300x200.jpg 300w, https:\/\/www.kattendorf.de\/www1\/wp-content\/uploads\/2008\/11\/Kattendorf001-LB05-17-768x512.jpg 768w, https:\/\/www.kattendorf.de\/www1\/wp-content\/uploads\/2008\/11\/Kattendorf001-LB05-17-1024x682.jpg 1024w\" sizes=\"auto, (max-width: 2000px) 100vw, 2000px\" \/>\r\n<figcaption>Kattendorf aus der Luft\u00a0\u00a9 S.P.Helicopter-Service<\/figcaption>\r\n<\/figure>\r\n\r\n<p style=\"text-align: left;\"><span style=\"font-family: arial, helvetica, sans-serif; font-size: medium;\">Kattendorf \u201edas Dorf im Gr\u00fcnen\u201c liegt im s\u00fcdlichen Teil des Kreises Segeberg in Schleswig-Holstein. Die anmutige H\u00fcgellandschaft wird von der kleinen Kattenbek durchflossen. Im Herzen von Holstein, n\u00f6rdlich von Hamburg ist Kattendorf mit guter Verkehrsanbindung an die Autobahn A 7 sehr verkehrsg\u00fcnstig gelegen. Der Ort liegt verschwiegen inmitten gr\u00fcner Wiesen und landwirtschaftlich bewirtschafteter \u00c4cker, die durch die typischen \u201eHolsteiner Knicks\u201c gesch\u00fctzt werden. Auch kleinere Waldfl\u00e4chen runden das sch\u00f6ne Landschaftsbild mit hohem Erholungswert ab. Dieses ideale Gel\u00e4nde l\u00e4dt zur aktiven und sinnvollen Freizeitnutzung, zum Wandern und Radfahren sowie zum Reiten, ein.<\/span><\/p>\r\n<p><span style=\"font-family: arial, helvetica, sans-serif; font-size: medium;\">Die St\u00e4dte Kaltenkirchen und Henstedt-Ulzburg sind in wenigen Autominuten zu erreichen und bieten den Kattendorfern alle notwendigen Einrichtungen, die zur Versorgung der B\u00fcrger notwendig sind. Das Schulangebot ist mit der Grund- und Gemeinschaftsschule mit Ganztagsbetreung in Kisdorf und dem Gymnasium in Kaltenkirchen komplett. Die Betreuung der Kleinkinder findet im Amtskindergarten in Kattendorf mit seinem Haus- und Waldkindergarten statt. F\u00fcr die wichtigste t\u00e4gliche Versorgung ist der Demeter Bio-Laden vom Kattendorfer-Hof zu empfehlen.<\/span><\/p>\r\n<p><span style=\"font-family: arial, helvetica, sans-serif; font-size: medium;\">Der Ort hat einige H\u00fcgel mit mehr als 60 m \u00fcber dem Meeresspiegel und ist gepr\u00e4gt durch eine typische Endmor\u00e4nenlandschaft. Die Landwirte betreiben Ackerbau und Milchviehhaltung, z\u00fcchten Charolais und Schafe und Pferde. Der Kattendorfer Hof wirtschaftet nach dem Demeter-Prinzip und betreibt eine eigene hervorragende K\u00e4serei, vermarktet seine Produkte direkt im Hofladen. Mehrere Gew\u00e4sser und Karpfenteiche runden das idyllische Landschaftsbild mit vielen unterschiedlichen Pflanzen- und Baumbewuchs ab. Der Boden ist fruchtbar und besteht aus einer Mischung von Sand und Lehm.<\/span><br \/><span style=\"font-family: arial, helvetica, sans-serif; font-size: medium;\">Die Gemeindefl\u00e4che betr\u00e4gt 984 ha, davon sind 721 ha Ackerland und 198 ha Wald. Die Restfl\u00e4che besteht aus 24 ha Verkehrsfl\u00e4che , aus 3 ha Wasserl\u00e4ufen, sowie aus 34 ha Geb\u00e4udefl\u00e4chen.<\/span><\/p>\r\n<p><span style=\"font-family: arial, helvetica, sans-serif; font-size: medium;\">Der Ort besteht landschaftlich bedingt aus mehreren Stra\u00dfenz\u00fcgen und den Ortsteilen Kattendorf und Kattendorf-Weeden. Die Bebauung erstreckt sich an der Kaltenkirchener-, Winsener-, Sieversh\u00fcttener-und Dorfstrasse entlang und wird durch die Baugebiete Vogelbusch, am Hang, Brahmberg und Rohrst\u00fccke gepr\u00e4gt.<\/span><\/p>\r\n<p><span style=\"font-family: arial, helvetica, sans-serif; font-size: medium;\">In Kattendorf leben ca. 860 B\u00fcrger, aus allen gesellschaftlichen Schichten harmonisch zusammen. Im Ort herrscht ein vielf\u00e4ltiges und reges Vereinsleben. <\/span><br \/><span style=\"font-family: arial, helvetica, sans-serif; font-size: medium;\">Beim TSV k\u00f6nnen fast alle modernen Sportarten ausge\u00fcbt werden. Eine Sporthalle mit Jugendraum sowie ein separates Sportlerheim f\u00fcr die Fu\u00dfballsparte sind vorhanden. Die Tennissparte verf\u00fcgt \u00fcber drei Spielpl\u00e4tze.<\/span><\/p>\r\n<p><span style=\"font-family: arial, helvetica, sans-serif; font-size: medium;\">Auch die Kultur kommt nicht zu kurz.<\/span><br \/><span style=\"font-family: arial, helvetica, sans-serif; font-size: medium;\">Der Theaterclub Kattendorf e.V. &#8211; TCK hat sich seit 1985 kontinuierlich einen beachtlichen Platz in der Amateurtheater-Szene erspielt. Es wird eine intensive Kinder- und Jugendarbeit vom Verein betrieben. Seit 2008 hat der TCK ein eigenes Theatergeb\u00e4ude das TiK, was f\u00fcr eine Gemeinde dieser Gr\u00f6\u00dfenordung in Schleswig-Holstein einmalig sein d\u00fcrfte. <br \/>Rund um das Feuerwehrger\u00e4tehaus finden viele Veranstaltungen der \u00f6rtlichen Vereine und Institutionen statt.<\/span><\/p>","protected":false},"excerpt":{"rendered":"<p>Kattendorf \u201edas Dorf im Gr\u00fcnen\u201c liegt im s\u00fcdlichen Teil des Kreises Segeberg in Schleswig-Holstein. Die anmutige H\u00fcgellandschaft wird von der kleinen Kattenbek durchflossen. Im Herzen von Holstein, n\u00f6rdlich von Hamburg ist Kattendorf mit guter Verkehrsanbindung an die Autobahn A 7 sehr verkehrsg\u00fcnstig gelegen. Der Ort liegt verschwiegen inmitten gr\u00fcner Wiesen und landwirtschaftlich bewirtschafteter \u00c4cker, die durch die typischen \u201eHolsteiner Knicks\u201c [&hellip;]<\/p>\n","protected":false},"author":1,"featured_media":0,"parent":0,"menu_order":120,"comment_status":"closed","ping_status":"closed","template":"","meta":{"footnotes":""},"class_list":["post-1427","page","type-page","status-publish","hentry"],"publishpress_future_action":{"enabled":false,"date":"2026-04-24 06:22:37","action":"change-status","newStatus":"draft","terms":[],"taxonomy":"","extraData":[]},"publishpress_future_workflow_manual_trigger":{"enabledWorkflows":[]},"_links":{"self":[{"href":"https:\/\/www.kattendorf.de\/www1\/index.php?rest_route=\/wp\/v2\/pages\/1427","targetHints":{"allow":["GET"]}}],"collection":[{"href":"https:\/\/www.kattendorf.de\/www1\/index.php?rest_route=\/wp\/v2\/pages"}],"about":[{"href":"https:\/\/www.kattendorf.de\/www1\/index.php?rest_route=\/wp\/v2\/types\/page"}],"author":[{"embeddable":true,"href":"https:\/\/www.kattendorf.de\/www1\/index.php?rest_route=\/wp\/v2\/users\/1"}],"replies":[{"embeddable":true,"href":"https:\/\/www.kattendorf.de\/www1\/index.php?rest_route=%2Fwp%2Fv2%2Fcomments&post=1427"}],"version-history":[{"count":13,"href":"https:\/\/www.kattendorf.de\/www1\/index.php?rest_route=\/wp\/v2\/pages\/1427\/revisions"}],"predecessor-version":[{"id":2774,"href":"https:\/\/www.kattendorf.de\/www1\/index.php?rest_route=\/wp\/v2\/pages\/1427\/revisions\/2774"}],"wp:attachment":[{"href":"https:\/\/www.kattendorf.de\/www1\/index.php?rest_route=%2Fwp%2Fv2%2Fmedia&parent=1427"}],"curies":[{"name":"wp","href":"https:\/\/api.w.org\/{rel}","templated":true}]}}