{"id":2772,"date":"2024-03-19T11:48:12","date_gmt":"2024-03-19T10:48:12","guid":{"rendered":"https:\/\/www.kattendorf.de\/www1\/?page_id=2772"},"modified":"2026-04-08T12:40:34","modified_gmt":"2026-04-08T10:40:34","slug":"geplante-gemeindetermine","status":"publish","type":"page","link":"https:\/\/www.kattendorf.de\/www1\/","title":{"rendered":"geplante Termine in der Gemeinde"},"content":{"rendered":"<p><strong><span style=\"font-size: 14pt;\">Die n\u00e4chten Sitzungen\/Aktionen:<\/span><\/strong><\/p>\n<table class=\" aligncenter\" style=\"height: 326px; width: 99.1436%; border-collapse: collapse;\" cellspacing=\"2\" cellpadding=\"8\">\n<tbody>\n<tr style=\"height: 21px;\">\n<th style=\"width: 17.2911%; height: 21px; vertical-align: middle;\" scope=\"row\"><strong>Datum<\/strong><\/th>\n<th style=\"width: 25.2161%; height: 21px; vertical-align: middle;\" scope=\"row\"><strong>Sitzung\/Aktion <\/strong><\/th>\n<th style=\"width: 11.3833%; height: 21px; vertical-align: middle;\" scope=\"row\"><strong>Uhrzeit<\/strong><\/th>\n<th style=\"width: 18.5879%; height: 21px; vertical-align: middle;\" scope=\"row\"><strong>Ort<\/strong><\/th>\n<th style=\"width: 26.9452%; height: 21px; vertical-align: middle;\" scope=\"row\"><strong>Adresse<\/strong><\/th>\n<\/tr>\n<tr style=\"height: 42px;\">\n<td style=\"width: 17.2911%; height: 42px;\">22.04.2026<\/td>\n<td style=\"width: 25.2161%; height: 42px;\">Gemeindevertretung<\/td>\n<td style=\"width: 11.3833%; height: 42px;\">19:00<\/td>\n<td style=\"width: 18.5879%; height: 42px;\">Steenbucks Gasthof<\/td>\n<td style=\"width: 26.9452%; height: 42px;\">Kaltenkirchener Stra\u00dfe 26<\/td>\n<\/tr>\n<tr>\n<td style=\"width: 17.2911%;\">02.05.2026<\/td>\n<td style=\"width: 25.2161%;\">Oldtimer-Treffen<\/td>\n<td style=\"width: 11.3833%;\">ab 9:00<\/td>\n<td style=\"width: 18.5879%;\">Sportanlage<\/td>\n<td style=\"width: 26.9452%;\">Sieversh\u00fcttener Stra\u00dfe 18<\/td>\n<\/tr>\n<tr>\n<td style=\"width: 17.2911%;\">27.05.2026<\/td>\n<td style=\"width: 25.2161%;\">Finanzausschuss<\/td>\n<td style=\"width: 11.3833%;\"><\/td>\n<td style=\"width: 18.5879%;\">im Amt Kisdorf<\/td>\n<td style=\"width: 26.9452%;\">Winsener Stra\u00dfe 2<\/td>\n<\/tr>\n<tr>\n<td style=\"width: 17.2911%;\">05.06.2026<\/td>\n<td style=\"width: 25.2161%;\">Kinderfest<\/td>\n<td style=\"width: 11.3833%;\"><\/td>\n<td style=\"width: 18.5879%;\">Sportanlage<\/td>\n<td style=\"width: 26.9452%;\">Sieversh\u00fcttener Stra\u00dfe 18<\/td>\n<\/tr>\n<tr style=\"height: 21px;\">\n<td style=\"width: 17.2911%; height: 42px;\">24.06.2026<\/td>\n<td style=\"width: 25.2161%; height: 42px;\">Gemeindevertretung<\/td>\n<td style=\"width: 11.3833%; height: 42px;\">19:00<\/td>\n<td style=\"width: 18.5879%; height: 42px;\"><\/td>\n<td style=\"width: 26.9452%; height: 42px;\"><\/td>\n<\/tr>\n<tr style=\"height: 42px;\">\n<td style=\"width: 17.2911%; height: 42px;\">19.09-20.09.2026<\/td>\n<td style=\"width: 25.2161%; height: 42px;\">700 Jahre Kattendorf<\/td>\n<td style=\"width: 11.3833%; height: 42px;\"><\/td>\n<td style=\"width: 18.5879%; height: 42px;\">Sportanlage<\/td>\n<td style=\"width: 26.9452%; height: 42px;\">Sieversh\u00fcttener Stra\u00dfe 18<\/td>\n<\/tr>\n<tr style=\"height: 46px;\">\n<td style=\"width: 17.2911%; height: 46px;\">02.12.2026<\/td>\n<td style=\"width: 25.2161%; vertical-align: middle; height: 46px;\">Finanzausschuss<\/td>\n<td style=\"width: 11.3833%; height: 46px;\">19:00<\/td>\n<td style=\"width: 18.5879%; height: 46px;\"><\/td>\n<td style=\"width: 26.9452%; height: 46px;\"><\/td>\n<\/tr>\n<tr style=\"height: 28px;\">\n<td style=\"width: 17.2911%; height: 28px;\">16.12.2026<\/td>\n<td style=\"width: 25.2161%; height: 28px; text-align: left;\">Gemeindevertretung<\/td>\n<td style=\"width: 11.3833%; height: 28px;\">19:00<\/td>\n<td style=\"width: 18.5879%; height: 28px;\"><\/td>\n<td style=\"width: 26.9452%; height: 28px;\"><\/td>\n<\/tr>\n<\/tbody>\n<\/table>\n","protected":false},"excerpt":{"rendered":"<p>Die n\u00e4chten Sitzungen\/Aktionen: Datum Sitzung\/Aktion Uhrzeit Ort Adresse 22.04.2026 Gemeindevertretung 19:00 Steenbucks Gasthof Kaltenkirchener Stra\u00dfe 26 02.05.2026 Oldtimer-Treffen ab 9:00 Sportanlage Sieversh\u00fcttener Stra\u00dfe 18 27.05.2026 Finanzausschuss im Amt Kisdorf Winsener Stra\u00dfe 2 05.06.2026 Kinderfest Sportanlage Sieversh\u00fcttener Stra\u00dfe 18 24.06.2026 Gemeindevertretung 19:00 19.09-20.09.2026 700 Jahre Kattendorf Sportanlage Sieversh\u00fcttener Stra\u00dfe 18 02.12.2026 Finanzausschuss 19:00 16.12.2026 Gemeindevertretung 19:00<\/p>\n","protected":false},"author":1,"featured_media":0,"parent":870,"menu_order":10,"comment_status":"closed","ping_status":"closed","template":"","meta":{"footnotes":""},"class_list":["post-2772","page","type-page","status-publish","hentry"],"publishpress_future_action":{"enabled":false,"date":"2026-04-24 06:03:22","action":"change-status","newStatus":"draft","terms":[],"taxonomy":"","extraData":[]},"publishpress_future_workflow_manual_trigger":{"enabledWorkflows":[]},"_links":{"self":[{"href":"https:\/\/www.kattendorf.de\/www1\/index.php?rest_route=\/wp\/v2\/pages\/2772","targetHints":{"allow":["GET"]}}],"collection":[{"href":"https:\/\/www.kattendorf.de\/www1\/index.php?rest_route=\/wp\/v2\/pages"}],"about":[{"href":"https:\/\/www.kattendorf.de\/www1\/index.php?rest_route=\/wp\/v2\/types\/page"}],"author":[{"embeddable":true,"href":"https:\/\/www.kattendorf.de\/www1\/index.php?rest_route=\/wp\/v2\/users\/1"}],"replies":[{"embeddable":true,"href":"https:\/\/www.kattendorf.de\/www1\/index.php?rest_route=%2Fwp%2Fv2%2Fcomments&post=2772"}],"version-history":[{"count":57,"href":"https:\/\/www.kattendorf.de\/www1\/index.php?rest_route=\/wp\/v2\/pages\/2772\/revisions"}],"predecessor-version":[{"id":3166,"href":"https:\/\/www.kattendorf.de\/www1\/index.php?rest_route=\/wp\/v2\/pages\/2772\/revisions\/3166"}],"up":[{"embeddable":true,"href":"https:\/\/www.kattendorf.de\/www1\/index.php?rest_route=\/wp\/v2\/pages\/870"}],"wp:attachment":[{"href":"https:\/\/www.kattendorf.de\/www1\/index.php?rest_route=%2Fwp%2Fv2%2Fmedia&parent=2772"}],"curies":[{"name":"wp","href":"https:\/\/api.w.org\/{rel}","templated":true}]}}