{"id":3,"date":"2018-10-29T08:49:39","date_gmt":"2018-10-29T07:49:39","guid":{"rendered":"http:\/\/www.kattendorf.de\/www1\/?page_id=3"},"modified":"2024-07-16T19:27:20","modified_gmt":"2024-07-16T17:27:20","slug":"datenschutzerklaerung","status":"publish","type":"page","link":"https:\/\/www.kattendorf.de\/www1\/?page_id=3","title":{"rendered":"Datenschutzerkl\u00e4rung"},"content":{"rendered":"<p><strong>Datenschutzerkl\u00e4rung zur Webseite der Gemeinde Kattendorf<\/strong><\/p>\n<p><strong>1. Allgemeine Hinweise<\/strong><\/p>\n<p>Die folgenden Hinweise geben einen einfachen \u00dcberblick dar\u00fcber, was mit Ihren personenbezogenen Daten passiert, wenn Sie unsere Website besuchen. Personenbezogene Daten sind alle Daten, mit denen Sie pers\u00f6nlich identifiziert werden k\u00f6nnen. Ausf\u00fchrliche Informationen zum Thema Datenschutz entnehmen Sie unserer unter diesem Text aufgef\u00fchrten Datenschutzerkl\u00e4rung.<br \/>\nDatenerfassung auf unserer Website<\/p>\n<p>Wie erfassen wir Ihre Daten?<\/p>\n<p>Ihre Daten werden zum einen dadurch erhoben, dass Sie uns diese mitteilen. Andere Daten werden automatisch beim Besuch der Website durch die IT-Systeme des Providers erfasst. Das sind vor allem technische Daten (z.B. Internetbrowser, Betriebssystem oder Uhrzeit des Seitenaufrufs). Die Erfassung dieser Daten erfolgt automatisch, sobald Sie unsere Website betreten.<\/p>\n<p><strong>Welche Rechte haben Sie bez\u00fcglich Ihrer Daten?<\/strong><\/p>\n<p>Nach der Datenschutz-Grundverordnung stehen Ihnen folgende Rechte zu:<\/p>\n<p>Werden Ihre personenbezogenen Daten verarbeitet, so haben Sie das Recht Auskunft \u00fcber die zu Ihrer Person gespeicherten Daten zu erhalten (Art. 15 DSGVO).<\/p>\n<p>Sollten unrichtige personenbezogene Daten verarbeitet werden, steht Ihnen ein Recht auf Berichtigung zu (Art. 16 DSGVO).<\/p>\n<p>Liegen die gesetzlichen Voraussetzungen vor, so k\u00f6nnen Sie die L\u00f6schung oder Einschr\u00e4nkung der Verarbeitung verlangen sowie Widerspruch gegen die Verarbeitung einlegen (Art. 17, 18 und 21 DSGVO).<\/p>\n<p>Wenn Sie in die Datenverarbeitung eingewilligt haben oder ein Vertrag zur Datenverarbeitung besteht und die Datenverarbeitung mithilfe automatisierter Verfahren durchgef\u00fchrt wird, steht Ihnen gegebenenfalls ein Recht auf Daten\u00fcbertragbarkeit zu (Art. 20 DSGVO).<\/p>\n<p>Sollten Sie von Ihren oben genannten Rechten Gebrauch machen, pr\u00fcft die \u00f6ffentliche Stelle, ob die gesetzlichen Voraussetzungen hierf\u00fcr erf\u00fcllt sind.<\/p>\n<p>Weiterhin besteht ein Beschwerderecht bei der Schleswig-Holsteinischen Landesbeauftragten f\u00fcr den Datenschutz.<\/p>\n<p>Beschwerderecht bei der Aufsichtsbeh\u00f6rde<\/p>\n<p>Ihnen steht das Recht zu, sich f\u00fcr eine Beschwerde an die f\u00fcr uns zust\u00e4ndige Aufsichtsbeh\u00f6rde zu wenden:<\/p>\n<p>Unabh\u00e4ngiges Landeszentrum f\u00fcr Datenschutz Schleswig-Holstein (ULD),\u00a0 Holstenstr. 98, 21403 Kiel, Tel.:0431\/988-1200, Fax:0431\/988-1223,<\/p>\n<p>E-Mail: maiI@datenschutzzentrum.de,<\/p>\n<p>Webseite: https:\/\/www.datenschutzzentrum.de\/<\/p>\n<p><strong>Widerrufsrecht bei Einwilligung<\/strong><\/p>\n<p>Wenn Sie in die Verarbeitung durch die Gemeinde Kattendorf durch eine entsprechende Erkl\u00e4rung eingewilligt haben, k\u00f6nnen Sie die Einwilligung jederzeit f\u00fcr die Zukunft widerrufen. Die Rechtm\u00e4\u00dfigkeit der aufgrund der Einwilligung bis zum Widerruf erfolgten Datenverarbeitung wird durch diesen nicht ber\u00fchrt.<\/p>\n<p>Hinweis: Dies gilt nur f\u00fcr die Verarbeitungst\u00e4tigkeiten, bei denen wir von Ihnen eine solche Einwilligungserkl\u00e4rung abgefordert haben.<\/p>\n<p><strong>2. Allgemeine Hinweise und Pflichtinformationen<\/strong><\/p>\n<p>Wir weisen darauf hin, dass die Daten\u00fcbertragung im Internet (z.B. bei der Kommunikation per E-Mail) Sicherheitsl\u00fccken aufweisen kann. Ein l\u00fcckenloser Schutz der Daten vor dem Zugriff durch Dritte ist nicht m\u00f6glich.<\/p>\n<p><strong>Hinweis zur verantwortlichen Stelle<\/strong><\/p>\n<p>Die verantwortliche Stelle f\u00fcr die Datenverarbeitung auf dieser Website ist:<\/p>\n<p>Gemeinde Kattendorf<br \/>\nc\/o B\u00fcrgermeister Thorsten Barth<br \/>\nDorfstra\u00dfe 9<br \/>\n24568 Kattendorf<br \/>\nTelefon: (04191) 959 111<br \/>\nEmail: info [at] kattendorf.de<br \/>\nInternet: www.kattendorf.de<\/p>\n<p><strong>3. Name und Anschrift des Datenschutzbeauftragten<\/strong><br \/>\nGemeinsame Datenschutzbeauftragte<br \/>\nRosenstra\u00dfe 28<br \/>\n23795 Bad Segeberg<br \/>\nTel.: +49 4551 951-9851<br \/>\nFax: +49 4551 951-99855<br \/>\nE-Mail: datenschutz@segeberg.de<br \/>\nInternet: www.segeberg.de<\/p>\n<p>Jede betroffene Person kann sich jederzeit bei allen Fragen und Anregungen zum Datenschutz direkt an unseren Datenschutzbeauftragten wenden.<\/p>\n<p>Widerruf Ihrer Einwilligung zur Datenverarbeitung<\/p>\n<p>Viele Datenverarbeitungsvorg\u00e4nge sind nur mit Ihrer ausdr\u00fccklichen Einwilligung m\u00f6glich. Sie k\u00f6nnen eine bereits erteilte Einwilligung jederzeit widerrufen. Dazu reicht eine formlose Mitteilung per E-Mail an uns. Die Rechtm\u00e4\u00dfigkeit der bis zum Widerruf erfolgten Datenverarbeitung bleibt vom Widerruf unber\u00fchrt.<br \/>\nWiderspruchsrecht gegen die Datenerhebung in besonderen F\u00e4llen sowie gegen Direktwerbung (Art. 21 DSGVO)<\/p>\n<p>Wenn die Datenverarbeitung auf Grundlage von Art. 6 Abs. 1 lit. e oder f DSGVO erfolgt, haben Sie jederzeit das Recht, aus Gr\u00fcnden, die sich aus Ihrer besonderen Situation ergeben, gegen die Verarbeitung Ihrer personenbezogenen Daten Widerspruch einzulegen; dies gilt auch f\u00fcr ein auf diese Bestimmungen gest\u00fctztes Profiling. Die jeweilige Rechtsgrundlage, auf denen eine Verarbeitung beruht, entnehmen Sie dieser Datenschutzerkl\u00e4rung. Wenn Sie Widerspruch einlegen, werden wir Ihre betroffenen personenbezogenen Daten nicht mehr verarbeiten, es sei denn, wir k\u00f6nnen zwingende schutzw\u00fcrdige Gr\u00fcnde f\u00fcr die Verarbeitung nachweisen, die Ihre Interessen, Rechte und Freiheiten \u00fcberwiegen oder die Verarbeitung dient der Geltendmachung, Aus\u00fcbung oder Verteidigung von Rechtsanspr\u00fcchen (Widerspruch nach Art. 21 Abs. 1 DSGVO).<\/p>\n<p>Werden Ihre personenbezogenen Daten verarbeitet, um Direktwerbung zu betreiben, so haben Sie das Recht, jederzeit Widerspruch gegen die Verarbeitung Sie betreffender personenbezogener Daten zum Zwecke derartiger Werbung einzulegen; dies gilt auch f\u00fcr das Profiling, soweit es mit solcher Direktwerbung in Verbindung steht. Wenn Sie widersprechen, werden Ihre personenbezogenen Daten anschlie\u00dfend nicht mehr zum Zwecke der Direktwerbung verwendet (Widerspruch nach Art. 21 Abs. 2 DSGVO).<br \/>\nBeschwerderecht bei der zust\u00e4ndigen Aufsichtsbeh\u00f6rde<\/p>\n<p>Im Falle von Verst\u00f6\u00dfen gegen die DSGVO steht den Betroffenen ein Beschwerderecht bei einer Aufsichtsbeh\u00f6rde, insbesondere in dem Mitgliedstaat ihres gew\u00f6hnlichen Aufenthalts, ihres Arbeitsplatzes oder des Orts des mutma\u00dflichen Versto\u00dfes zu. Das Beschwerderecht besteht unbeschadet anderweitiger verwaltungsrechtlicher oder gerichtlicher Rechtsbehelfe.<br \/>\nRecht auf Daten\u00fcbertragbarkeit<\/p>\n<p>Sie haben das Recht, Daten, die wir auf Grundlage Ihrer Einwilligung oder in Erf\u00fcllung eines Vertrags automatisiert verarbeiten, an sich oder an einen Dritten in einem g\u00e4ngigen, maschinenlesbaren Format aush\u00e4ndigen zu lassen. Sofern Sie die direkte \u00dcbertragung der Daten an einen anderen Verantwortlichen verlangen, erfolgt dies nur, soweit es technisch machbar ist.<\/p>\n<p>SSL- bzw. TLS-Verschl\u00fcsselung<\/p>\n<p>Diese Seite nutzt aus Sicherheitsgr\u00fcnden und zum Schutz der \u00dcbertragung vertraulicher Inhalte, wie zum Beispiel Bestellungen oder Anfragen, die Sie an uns als Seitenbetreiber senden, eine SSL-bzw. TLS-Verschl\u00fcsselung. Eine verschl\u00fcsselte Verbindung erkennen Sie daran, dass die Adresszeile des Browsers von \u201chttp:\/\/\u201d auf \u201chttps:\/\/\u201d wechselt und an dem Schloss-Symbol in Ihrer Browserzeile.<\/p>\n<p>Wenn die SSL- bzw. TLS-Verschl\u00fcsselung aktiviert ist, k\u00f6nnen die Daten, die Sie an uns \u00fcbermitteln, nicht von Dritten mitgelesen werden.<br \/>\nAuskunft, Sperrung, L\u00f6schung und Berichtigung<\/p>\n<p>Sie haben im Rahmen der geltenden gesetzlichen Bestimmungen jederzeit das Recht auf unentgeltliche Auskunft \u00fcber Ihre gespeicherten personenbezogenen Daten, deren Herkunft und Empf\u00e4nger und den Zweck der Datenverarbeitung und ggf. ein Recht auf Berichtigung, Sperrung oder L\u00f6schung dieser Daten. Hierzu sowie zu weiteren Fragen zum Thema personenbezogene Daten k\u00f6nnen Sie sich jederzeit unter der im Impressum angegebenen Adresse an uns wenden.<br \/>\nRecht auf Einschr\u00e4nkung der Verarbeitung<\/p>\n<p>Sie haben das Recht, die Einschr\u00e4nkung der Verarbeitung Ihrer personenbezogenen Daten zu verlangen. Hierzu k\u00f6nnen Sie sich jederzeit unter der im Impressum angegebenen Adresse an uns wenden. Das Recht auf Einschr\u00e4nkung der Verarbeitung besteht in folgenden F\u00e4llen:<\/p>\n<p>Wenn Sie die Richtigkeit Ihrer bei uns gespeicherten personenbezogenen Daten bestreiten, ben\u00f6tigen wir in der Regel Zeit, um dies zu \u00fcberpr\u00fcfen. F\u00fcr die Dauer der Pr\u00fcfung haben Sie das Recht, die Einschr\u00e4nkung der Verarbeitung Ihrer personenbezogenen Daten zu verlangen.<br \/>\nWenn die Verarbeitung Ihrer personenbezogenen Daten unrechtm\u00e4\u00dfig geschah \/ geschieht, k\u00f6nnen Sie statt der L\u00f6schung die Einschr\u00e4nkung der Datenverarbeitung verlangen.<br \/>\nWenn wir Ihre personenbezogenen Daten nicht mehr ben\u00f6tigen, Sie sie jedoch zur Aus\u00fcbung, Verteidigung oder Geltendmachung von Rechtsanspr\u00fcchen ben\u00f6tigen, haben Sie das Recht, statt der L\u00f6schung die Einschr\u00e4nkung der Verarbeitung Ihrer personenbezogenen Daten zu verlangen.<br \/>\nWenn Sie einen Widerspruch nach Art. 21 Abs. 1 DSGVO eingelegt haben, muss eine Abw\u00e4gung zwischen Ihren und unseren Interessen vorgenommen werden. Solange noch nicht feststeht, wessen Interessen \u00fcberwiegen, haben Sie das Recht, die Einschr\u00e4nkung der Verarbeitung Ihrer personenbezogenen Daten zu verlangen.<\/p>\n<p>Wenn Sie die Verarbeitung Ihrer personenbezogenen Daten eingeschr\u00e4nkt haben, d\u00fcrfen diese Daten \u2013 von ihrer Speicherung abgesehen \u2013 nur mit Ihrer Einwilligung oder zur Geltendmachung, Aus\u00fcbung oder Verteidigung von Rechtsanspr\u00fcchen oder zum Schutz der Rechte einer anderen nat\u00fcrlichen oder juristischen Person oder aus Gr\u00fcnden eines wichtigen \u00f6ffentlichen Interesses der Europ\u00e4ischen Union oder eines Mitgliedstaats verarbeitet werden.<br \/>\nWiderspruch gegen Werbe-E-Mails<\/p>\n<p>Der Nutzung von im Rahmen der Impressumspflicht ver\u00f6ffentlichten Kontaktdaten zur \u00dcbersendung von nicht ausdr\u00fccklich angeforderter Werbung und Informationsmaterialien wird hiermit widersprochen. Die Betreiber der Seiten behalten sich ausdr\u00fccklich rechtliche Schritte im Falle der unverlangten Zusendung von Werbeinformationen, etwa durch Spam-E-Mails, vor.<\/p>\n<p><strong>4. Datenerfassung auf unserer Website<\/strong><\/p>\n<p><strong>Server-Log-Files<\/strong><\/p>\n<p>Bei der blo\u00df informatorischen Nutzung unserer Website, also, wenn Sie sich nicht registrieren oder uns anderweitig Informationen \u00fcbermitteln, werden durch den auf Ihrem Endger\u00e4t (Computer, Laptop, Tablet, Smartphone, etc.) zum Einsatz kommenden Internet-Browser automatisch Informationen an den Server unserer Web-Seite gesendet. Diese Informationen werden tempor\u00e4r in einem sog. Logfile (Protokolldatei) gespeichert.<\/p>\n<p>Folgende Daten werden dabei ohne Ihr Zutun erfasst und bis zur automatisierten L\u00f6schung gespeichert:<\/p>\n<p>&#8211; Datum und Uhrzeit der Anfrage<br \/>\n&#8211; Zeitzonendifferenz zur Greenwich Mean Time (GMT)<br \/>\n&#8211; Inhalt der Anforderung (konkrete Seite)<br \/>\n&#8211; jeweils \u00fcbertragene Datenmenge<br \/>\n&#8211; Website, von der die Anforderung kommt<br \/>\n&#8211; Browser<br \/>\n&#8211; Betriebssystem und dessen Oberfl\u00e4che<br \/>\n&#8211; Sprache und Version der Browsersoftware<br \/>\n&#8211; Standortdaten, einschlie\u00dflich Standortdaten von Ihrem Mobilger\u00e4t.<\/p>\n<p>Bitte beachten Sie, dass Sie bei den meisten Mobilger\u00e4ten die Verwendung von Standortservices im Einstellungsmen\u00fc des Mobilger\u00e4ts steuern oder deaktivieren k\u00f6nnen.<\/p>\n<p>Nach einer technischen Auswertung werden diese Daten umgehend gel\u00f6scht. Diese Datenerhebung erfolgt gem\u00e4\u00df Art. 6 Abs. 1 S. 1 lit. e) DSGVO.<\/p>\n<p>Die genannten Daten werden zu vorgenannten Zwecken durch unseren Webhoster<\/p>\n<p style=\"padding-left: 40px;\">Host Europe GmbH<br \/>\nc\/o WeWork<br \/>\nFriesenplatz 4<br \/>\n50672 K\u00f6ln<\/p>\n<p>verarbeitet. In keinem Fall verwenden wir die erhobenen Daten zu dem Zweck, R\u00fcckschl\u00fcsse auf Ihre Person zu ziehen.<\/p>\n<p>Wenn Sie uns per E-Mail, Telefon oder Telefax kontaktieren, wird Ihre Anfrage inklusive aller daraus hervorgehenden personenbezogenen Daten (Name, Anfrage) zum Zwecke der Bearbeitung Ihres Anliegens bei uns gespeichert und verarbeitet. Diese Daten geben wir nicht ohne Ihre Einwilligung weiter.<\/p>\n<p><strong>\u00a725 TTDSG<\/strong><\/p>\n<p>Die Gemeinde Kattendorf ist als Betreiberin einer Webseite Anbieterin von Telemedien und unterliegt damit dem &#8218;TTDSG.<\/p>\n<p><strong>Cookies<\/strong> werden von uns nicht gesetzt.<\/p>\n<p><strong>5. Newsletter<\/strong><\/p>\n<p>Mit Ihrer Einwilligung k\u00f6nnen Sie unseren Newsletter abonnieren, mit dem wir Sie \u00fcber Themen rund um die Gemeinde Kattendorf informieren.<\/p>\n<p>F\u00fcr die Anmeldung zu unserem Newsletter verwenden wir das sog. Double-Opt-in-Verfahren. Das hei\u00dft, dass wir Ihnen nach Ihrer Anmeldung eine E-Mail an die angegebene E-Mail-Adresse senden, in welcher wir Sie um Best\u00e4tigung bitten, dass Sie den Versand des Newsletters w\u00fcnschen. Wenn Sie Ihre Anmeldung nicht innerhalb von 24 Stunden best\u00e4tigen, werden Ihre Informationen gesperrt und nach einem Monat automatisch gel\u00f6scht. Dar\u00fcber hinaus speichern wir jeweils Ihre eingesetzten IP-Adressen und Zeitpunkte der Anmeldung und Best\u00e4tigung. Zweck des Verfahrens ist, Ihre Anmeldung nachzuweisen und ggf. einen Missbrauch Ihrer pers\u00f6nlichen Daten aufkl\u00e4ren zu k\u00f6nnen.<\/p>\n<p>Angaben f\u00fcr die \u00dcbersendung des Newsletters sind Ihre E-Mail-Adresse sowie Ihr Name. Nach Ihrer Best\u00e4tigung speichern wir Ihre E-Mail-Adresse sowie Ihren Namen zum Zweck der Zusendung des Newsletters. Ihre Einwilligung in die \u00dcbersendung des Newsletters k\u00f6nnen Sie jederzeit widerrufen und den Newsletter abbestellen. Den Widerruf k\u00f6nnen Sie durch Klick auf den in jeder Newsletter-E-Mail bereitgestellten Link, \u00fcber dieses Formular der Website, per E-Mail an info@kattendorf.de erkl\u00e4ren.<\/p>\n<p>Rechtsgrundlage f\u00fcr diese Datenverarbeitung ist Ihre Einwilligung i. S. d. Art. 6 Abs. 1 S. 1 lit. a) DSGVO.<\/p>\n","protected":false},"excerpt":{"rendered":"<p>Datenschutzerkl\u00e4rung zur Webseite der Gemeinde Kattendorf 1. Allgemeine Hinweise Die folgenden Hinweise geben einen einfachen \u00dcberblick dar\u00fcber, was mit Ihren personenbezogenen Daten passiert, wenn Sie unsere Website besuchen. Personenbezogene Daten sind alle Daten, mit denen Sie pers\u00f6nlich identifiziert werden k\u00f6nnen. Ausf\u00fchrliche Informationen zum Thema Datenschutz entnehmen Sie unserer unter diesem Text aufgef\u00fchrten Datenschutzerkl\u00e4rung. Datenerfassung auf unserer Website Wie erfassen wir [&hellip;]<\/p>\n","protected":false},"author":1,"featured_media":0,"parent":673,"menu_order":10,"comment_status":"closed","ping_status":"closed","template":"","meta":{"footnotes":""},"class_list":["post-3","page","type-page","status-publish","hentry"],"publishpress_future_action":{"enabled":false,"date":"2026-04-24 09:47:28","action":"change-status","newStatus":"draft","terms":[],"taxonomy":"","extraData":[]},"publishpress_future_workflow_manual_trigger":{"enabledWorkflows":[]},"_links":{"self":[{"href":"https:\/\/www.kattendorf.de\/www1\/index.php?rest_route=\/wp\/v2\/pages\/3","targetHints":{"allow":["GET"]}}],"collection":[{"href":"https:\/\/www.kattendorf.de\/www1\/index.php?rest_route=\/wp\/v2\/pages"}],"about":[{"href":"https:\/\/www.kattendorf.de\/www1\/index.php?rest_route=\/wp\/v2\/types\/page"}],"author":[{"embeddable":true,"href":"https:\/\/www.kattendorf.de\/www1\/index.php?rest_route=\/wp\/v2\/users\/1"}],"replies":[{"embeddable":true,"href":"https:\/\/www.kattendorf.de\/www1\/index.php?rest_route=%2Fwp%2Fv2%2Fcomments&post=3"}],"version-history":[{"count":13,"href":"https:\/\/www.kattendorf.de\/www1\/index.php?rest_route=\/wp\/v2\/pages\/3\/revisions"}],"predecessor-version":[{"id":2563,"href":"https:\/\/www.kattendorf.de\/www1\/index.php?rest_route=\/wp\/v2\/pages\/3\/revisions\/2563"}],"up":[{"embeddable":true,"href":"https:\/\/www.kattendorf.de\/www1\/index.php?rest_route=\/wp\/v2\/pages\/673"}],"wp:attachment":[{"href":"https:\/\/www.kattendorf.de\/www1\/index.php?rest_route=%2Fwp%2Fv2%2Fmedia&parent=3"}],"curies":[{"name":"wp","href":"https:\/\/api.w.org\/{rel}","templated":true}]}}