{"id":673,"date":"2008-11-22T08:27:59","date_gmt":"2008-11-22T07:27:59","guid":{"rendered":"http:\/\/www.kattendorf.de\/www1\/?p=673"},"modified":"2024-07-16T19:25:52","modified_gmt":"2024-07-16T17:25:52","slug":"impressum","status":"publish","type":"page","link":"https:\/\/www.kattendorf.de\/www1\/?page_id=673","title":{"rendered":"Impressum"},"content":{"rendered":"<h3>Kontaktadresse<\/h3>\n<p>Gemeinde Kattendorf<br \/>\nc\/o B\u00fcrgermeister Thorsten Barth<br \/>\nDorfstra\u00dfe 9<br \/>\n24568 Kattendorf<\/p>\n<p>Telefon: (04191) 959 111<\/p>\n<p>Email: info [at] kattendorf.de<br \/>\nInternet: www.kattendorf.de<\/p>\n<hr \/>\n<h3>Verantwortlicher<\/h3>\n<p>B\u00fcrgermeister\u00a0 Thorsten Barth<\/p>\n<hr \/>\n<h3>Technische Umsetzung<\/h3>\n<p>W. Mueller\u00a0 webmaster (at) kattendorf.de<br \/>\nR.\u00a0 Schweda \u00a0\u00a0 webmaster (at) feuerwehr.kattendorf.de<\/p>\n<hr \/>\n<h3>Lizenzhinweise<\/h3>\n<p><strong>Bilder Rechte:<\/strong><\/p>\n<p>Kattendorf aus der Luft \u00a9 S.P.Helicopter-Service<br \/>\nBilder der Feuerwehr: Lars Kriemann; Oliver Balzer<br \/>\nBilder Kattendorf: Helmut Rodde-Worm<br \/>\niStock International Inc., Canada<\/p>\n<p>Lageplan Kattendorf: \u00a9Erwin Meier, H\u00fcttblek<\/p>\n<hr \/>\n<h3><a href=\"https:\/\/www.kattendorf.de\/www1\/?page_id=3\">Datenschutz<\/a><\/h3>\n<hr \/>\n<h3>Rechtliche Hinweise (Disclaimer)<\/h3>\n<p>Die Gemeinde Kattendorf pr\u00fcft und aktualisiert die Informationen auf ihren Webseiten st\u00e4ndig. Trotz aller Sorgfalt k\u00f6nnen sich die Daten inzwischen ver\u00e4ndert haben. Eine Haftung oder Garantie f\u00fcr die Aktualit\u00e4t, Richtigkeit und Vollst\u00e4ndigkeit der zur Verf\u00fcgung gestellten Informationen kann daher nicht \u00fcbernommen werden.<\/p>\n<p>Gleiches gilt auch f\u00fcr alle anderen Webseiten, auf die mittels Hyperlink verwiesen wird. Die Gemeinde Kattendorf ist f\u00fcr den Inhalt der Webseiten, die aufgrund einer solchen Verbindung erreicht werden, nicht verantwortlich. Einige der Informationen und Angebote werden von unseren Partnern als selbstst\u00e4ndige Dienstleistung erbracht. Bitte beachten Sie, dass f\u00fcr diese Services und Angebote die Gesch\u00e4ftsbedingungen unserer Partner gelten und mit der Aufnahme derer Webseiten auf die Webseiten der Gemeinde Kattendorf keine Empfehlung oder Garantie verbunden ist. F\u00fcr diese Inhalte ist die Gemeinde Kattendorf nicht verantwortlich. Bei diesen Anbietern handelt es sich nicht um Erf\u00fcllungsgehilfen der Gemeinde Kattendorf.<\/p>\n<p>Des Weiteren beh\u00e4lt sich die Gemeinde Kattendorf das Recht vor, \u00c4nderungen oder Erg\u00e4nzungen der bereitgestellten Informationen vorzunehmen.<\/p>\n<p>Inhalt und Struktur der Gemeinde Kattendorf Webseiten sind urheberrechtlich gesch\u00fctzt. Die Vervielf\u00e4ltigung von Informationen oder Daten, insbesondere die Verwendung von Texten, Textteilen oder Bildmaterial, bedarf der vorherigen schriftlichen Zustimmung der Gemeinde Kattendorf.<\/p>\n","protected":false},"excerpt":{"rendered":"<p>Kontaktadresse Gemeinde Kattendorf c\/o B\u00fcrgermeister Thorsten Barth Dorfstra\u00dfe 9 24568 Kattendorf Telefon: (04191) 959 111 Email: info [at] kattendorf.de Internet: www.kattendorf.de Verantwortlicher B\u00fcrgermeister\u00a0 Thorsten Barth Technische Umsetzung W. Mueller\u00a0 webmaster (at) kattendorf.de R.\u00a0 Schweda \u00a0\u00a0 webmaster (at) feuerwehr.kattendorf.de Lizenzhinweise Bilder Rechte: Kattendorf aus der Luft \u00a9 S.P.Helicopter-Service Bilder der Feuerwehr: Lars Kriemann; Oliver Balzer Bilder Kattendorf: Helmut Rodde-Worm iStock International [&hellip;]<\/p>\n","protected":false},"author":1,"featured_media":0,"parent":0,"menu_order":400,"comment_status":"closed","ping_status":"closed","template":"","meta":{"footnotes":""},"class_list":["post-673","page","type-page","status-publish","hentry"],"publishpress_future_action":{"enabled":false,"date":"2026-04-24 08:29:33","action":"change-status","newStatus":"draft","terms":[],"taxonomy":"","extraData":[]},"publishpress_future_workflow_manual_trigger":{"enabledWorkflows":[]},"_links":{"self":[{"href":"https:\/\/www.kattendorf.de\/www1\/index.php?rest_route=\/wp\/v2\/pages\/673","targetHints":{"allow":["GET"]}}],"collection":[{"href":"https:\/\/www.kattendorf.de\/www1\/index.php?rest_route=\/wp\/v2\/pages"}],"about":[{"href":"https:\/\/www.kattendorf.de\/www1\/index.php?rest_route=\/wp\/v2\/types\/page"}],"author":[{"embeddable":true,"href":"https:\/\/www.kattendorf.de\/www1\/index.php?rest_route=\/wp\/v2\/users\/1"}],"replies":[{"embeddable":true,"href":"https:\/\/www.kattendorf.de\/www1\/index.php?rest_route=%2Fwp%2Fv2%2Fcomments&post=673"}],"version-history":[{"count":14,"href":"https:\/\/www.kattendorf.de\/www1\/index.php?rest_route=\/wp\/v2\/pages\/673\/revisions"}],"predecessor-version":[{"id":2812,"href":"https:\/\/www.kattendorf.de\/www1\/index.php?rest_route=\/wp\/v2\/pages\/673\/revisions\/2812"}],"wp:attachment":[{"href":"https:\/\/www.kattendorf.de\/www1\/index.php?rest_route=%2Fwp%2Fv2%2Fmedia&parent=673"}],"curies":[{"name":"wp","href":"https:\/\/api.w.org\/{rel}","templated":true}]}}