{"id":680,"date":"2008-11-22T08:55:55","date_gmt":"2008-11-22T07:55:55","guid":{"rendered":"http:\/\/www.kattendorf.de\/www1\/?p=680"},"modified":"2019-01-16T16:49:00","modified_gmt":"2019-01-16T15:49:00","slug":"historie","status":"publish","type":"page","link":"https:\/\/www.kattendorf.de\/www1\/?page_id=680","title":{"rendered":"Historie"},"content":{"rendered":"<p><span style=\"font-family: arial, helvetica, sans-serif; font-size: medium;\">Kattendorf wird erstmals im Jahr 1326 urkundlich erw\u00e4hnt. Es mag um die Zeit 900 . Chr. gewesen sein, auf das die Anf\u00e4nge des Dorfes Kattendorf zur\u00fcckgehen. Das urspr\u00fcngliche Dorf lag dicht geschlossen an einer Niederung, die sich von dem jetzigen Reimerschen Geh\u00f6ft bis nach Oersdorf hinzog. \u00dcber die Entstehung des Namens Kattendorf wissen wir nichts Bestimmtes.<\/span><\/p>\n<p><span style=\"font-family: arial, helvetica, sans-serif; font-size: medium;\">Einige bringen den Namen mit \u201eKate\u201c in Verbindung. Danach m\u00fcsste es urspr\u00fcnglich ein Dorf gewesen sein, das zur Hauptsache aus kleineren Parzellen mit unscheinbaren H\u00e4usern bestand.<\/span><\/p>\n<p><span style=\"font-family: arial, helvetica, sans-serif; font-size: medium;\"> Andere wollen behaupten, dass ein Teil des alten Cattenvolkes seine Heimat an der Weser verlassen und sich hier niedergelassen habe. <\/span><\/p>\n<p><span style=\"font-family: arial, helvetica, sans-serif; font-size: medium;\">Eine dritte Annahme wird wohl der Wahrheit am n\u00e4chsten kommen. Danach bringt man die Silbe \u201eKatt\u201c oder \u201eKatten\u201c mit Sumpf in Verbindung. Diese Silbe kehrt in vielen Ortsnamen unserer Heimat wieder, so in Kattrepe, Kattenbek, Kattenberg, Kattenh\u00f6hlen, Kattbek, Kattwiek u.a.<br \/>\nBei allen diesen Orten war Sumpflandschaft vorhanden.<\/span><\/p>\n<p><img loading=\"lazy\" decoding=\"async\" class=\" size-full wp-image-678\" title=\"Pferde auf dem Weeden\" src=\"http:\/\/www.kattendorf.de\/www1\/wp-content\/uploads\/2008\/11\/kattendorf-damals-02.jpg\" alt=\"kattendorf-damals-02.jpg\" width=\"284\" height=\"200\" border=\"0\" srcset=\"https:\/\/www.kattendorf.de\/www1\/wp-content\/uploads\/2008\/11\/kattendorf-damals-02.jpg 467w, https:\/\/www.kattendorf.de\/www1\/wp-content\/uploads\/2008\/11\/kattendorf-damals-02-300x211.jpg 300w, https:\/\/www.kattendorf.de\/www1\/wp-content\/uploads\/2008\/11\/kattendorf-damals-02-400x280.jpg 400w, https:\/\/www.kattendorf.de\/www1\/wp-content\/uploads\/2008\/11\/kattendorf-damals-02-100x70.jpg 100w\" sizes=\"auto, (max-width: 284px) 100vw, 284px\" \/>\u00a0\u00a0<img loading=\"lazy\" decoding=\"async\" class=\" size-full wp-image-679\" title=\"Holdorf\" src=\"http:\/\/www.kattendorf.de\/www1\/wp-content\/uploads\/2008\/11\/20-01-2012-165858.jpg\" alt=\"holdorf\" width=\"338\" height=\"197\" border=\"0\" srcset=\"https:\/\/www.kattendorf.de\/www1\/wp-content\/uploads\/2008\/11\/20-01-2012-165858-300x175.jpg 300w, https:\/\/www.kattendorf.de\/www1\/wp-content\/uploads\/2008\/11\/20-01-2012-165858-600x350.jpg 600w, https:\/\/www.kattendorf.de\/www1\/wp-content\/uploads\/2008\/11\/20-01-2012-165858-480x280.jpg 480w\" sizes=\"auto, (max-width: 338px) 100vw, 338px\" \/><\/p>\n","protected":false},"excerpt":{"rendered":"<p>Kattendorf wird erstmals im Jahr 1326 urkundlich erw\u00e4hnt. Es mag um die Zeit 900 . Chr. gewesen sein, auf das die Anf\u00e4nge des Dorfes Kattendorf zur\u00fcckgehen. Das urspr\u00fcngliche Dorf lag dicht geschlossen an einer Niederung, die sich von dem jetzigen Reimerschen Geh\u00f6ft bis nach Oersdorf hinzog. \u00dcber die Entstehung des Namens Kattendorf wissen wir nichts Bestimmtes. Einige bringen den Namen [&hellip;]<\/p>\n","protected":false},"author":1,"featured_media":0,"parent":1791,"menu_order":30,"comment_status":"closed","ping_status":"closed","template":"","meta":{"footnotes":""},"class_list":["post-680","page","type-page","status-publish","hentry"],"publishpress_future_action":{"enabled":false,"date":"2026-05-13 13:51:56","action":"change-status","newStatus":"draft","terms":[],"taxonomy":"","extraData":[]},"publishpress_future_workflow_manual_trigger":{"enabledWorkflows":[]},"_links":{"self":[{"href":"https:\/\/www.kattendorf.de\/www1\/index.php?rest_route=\/wp\/v2\/pages\/680","targetHints":{"allow":["GET"]}}],"collection":[{"href":"https:\/\/www.kattendorf.de\/www1\/index.php?rest_route=\/wp\/v2\/pages"}],"about":[{"href":"https:\/\/www.kattendorf.de\/www1\/index.php?rest_route=\/wp\/v2\/types\/page"}],"author":[{"embeddable":true,"href":"https:\/\/www.kattendorf.de\/www1\/index.php?rest_route=\/wp\/v2\/users\/1"}],"replies":[{"embeddable":true,"href":"https:\/\/www.kattendorf.de\/www1\/index.php?rest_route=%2Fwp%2Fv2%2Fcomments&post=680"}],"version-history":[{"count":4,"href":"https:\/\/www.kattendorf.de\/www1\/index.php?rest_route=\/wp\/v2\/pages\/680\/revisions"}],"predecessor-version":[{"id":1796,"href":"https:\/\/www.kattendorf.de\/www1\/index.php?rest_route=\/wp\/v2\/pages\/680\/revisions\/1796"}],"up":[{"embeddable":true,"href":"https:\/\/www.kattendorf.de\/www1\/index.php?rest_route=\/wp\/v2\/pages\/1791"}],"wp:attachment":[{"href":"https:\/\/www.kattendorf.de\/www1\/index.php?rest_route=%2Fwp%2Fv2%2Fmedia&parent=680"}],"curies":[{"name":"wp","href":"https:\/\/api.w.org\/{rel}","templated":true}]}}