{"id":697,"date":"2008-11-22T09:09:56","date_gmt":"2008-11-22T08:09:56","guid":{"rendered":"http:\/\/www.kattendorf.de\/www1\/?p=697"},"modified":"2026-03-28T08:32:36","modified_gmt":"2026-03-28T07:32:36","slug":"gemeindevertretung","status":"publish","type":"page","link":"https:\/\/www.kattendorf.de\/www1\/?page_id=697","title":{"rendered":"Gemeindevertretung"},"content":{"rendered":"<p><strong><em>Die Gemeinde Kattendorf als selbst\u00e4ndige politische Gemeinde wird von der 11k\u00f6pfigen Gemeindevertretung regiert. Es bestehen die\u00a0 Gemeindeaussch\u00fcsse &#8222;Ausschuss f\u00fcr Soziales, Kultur und Sport&#8220;, der &#8222;Bau- und Planungsausschuss&#8220; sowie der &#8222;Finanzausschuss&#8220;.<br \/>\nAn ihrer Spitze steht der ehrenamtliche B\u00fcrgermeister.<\/em><\/strong><\/p>\n<p><strong><em>Die Sitzungen finden \u00f6ffentlich statt. Interessierte B\u00fcrgern werden \u00fcber die Internet-Seite <span style=\"font-size: 12pt;\">Die n\u00e4chste Sitzung<\/span> und durch ein gebuchtes Newsletter informiert. Des weiteren \u00fcber die Infotafel am Feuerwehrhaus und an der Bushaltestelle-Weeden.<br \/>\nVerwaltet wird die Gemeinde vom Amt Kisdorf mit Sitz in 24568 Kattendorf, Winsener Strasse 2<\/em><\/strong><\/p>\n<p><strong><em>\u00a0<\/em><\/strong><\/p>\n<p><strong>Mitglieder der Gemeindevertretung:<\/strong><\/p>\n<a href=\"https:\/\/www.kattendorf.de\/www1\/wp-content\/uploads\/2023\/09\/Gemeindevertretung-ab-Juni-2023_.pdf\" class=\"pdfemb-viewer\" style=\"\" data-width=\"max\" data-height=\"max\" data-toolbar=\"bottom\" data-toolbar-fixed=\"off\">Gemeindevertretung ab Juni 2023_<\/a>\n<h3><span title=\"gv16-protokoll\">Protokolle:<\/span><\/h3>\n<ul>\n<li style=\"list-style-type: none;\">\n<ul>\n<li style=\"list-style-type: none;\">\n<ul>\n<li><span style=\"font-size: medium;\"><a title=\"gv11\" href=\"https:\/\/www.kattendorf.de\/www1\/wp-content\/uploads\/2020\/01\/Protokoll_gv4.pdf\" target=\"_blank\" rel=\"noopener noreferrer\">kattendorf_gv04-sitzungsprotokoll_2020-01-23_2020-01-28<\/a><\/span><\/li>\n<li><span style=\"font-size: medium;\"><a title=\"gv11\" href=\"https:\/\/www.kattendorf.de\/www1\/wp-content\/uploads\/2020\/08\/Protokoll_gv5.pdf\" target=\"_blank\" rel=\"noopener noreferrer\">kattendorf_gv05-sitzungsprotokoll_2020-08-31_2020-01-28<\/a><\/span><\/li>\n<li><a href=\"https:\/\/www.kattendorf.de\/www1\/wp-content\/uploads\/2021\/10\/Protokoll_gv6.pdf\" target=\"_blank\" rel=\"noopener\">kattendorf_gv06-sitzungsprotokoll_2021-10-14_2021-08-12<\/a><\/li>\n<li><a href=\"https:\/\/www.kattendorf.de\/www1\/wp-content\/uploads\/2021\/12\/Protokoll_gv7.pdf\">kattendorf_gv07-sitzungsprotokoll_2021-11-30_2021-12-09<\/a><\/li>\n<li><a href=\"https:\/\/www.kattendorf.de\/www1\/wp-content\/uploads\/2022\/02\/Prot_Gemver_Nr-8-v-27.01.22.pdf\">kattendorf_gv08-sitzungsprotokoll_2022-01-27_2022-02-09<\/a><\/li>\n<li><a href=\"https:\/\/www.kattendorf.de\/www1\/wp-content\/uploads\/2023\/02\/Protokoll-GV9-oeffentl.-Teil.pdf\" target=\"_blank\" rel=\"noopener\">kattendorf_gv09-sitzungsprotokoll_2023-01-26_2023-02-06<\/a><\/li>\n<li><a href=\"https:\/\/www.kattendorf.de\/www1\/wp-content\/uploads\/2023\/05\/Protokoll-GV10-Web-Versionl.pdf\" target=\"_blank\" rel=\"noopener\">kattendorf_gv10-sitzungsprotokoll_2023-04-27_2023-05-05<\/a><\/li>\n<li><a href=\"https:\/\/www.kattendorf.de\/www1\/wp-content\/uploads\/2023\/08\/gv1-02-Webmaster-Korrektur.pdf\" target=\"_blank\" rel=\"noopener\">kattendorf_gv01-sitzungsprotokoll_2023-06-13_2023-07-05<\/a><\/li>\n<li><a href=\"https:\/\/www.kattendorf.de\/www1\/wp-content\/uploads\/2023\/11\/Protokoll-GV2_21-11-23_WM-.pdf\" target=\"_blank\" rel=\"noopener\">kattendorf_gv02-sitzungsprotokoll_2023-11-01_2023-11-20<\/a><\/li>\n<li><a href=\"https:\/\/www.kattendorf.de\/www1\/wp-content\/uploads\/2024\/06\/Protokoll-GV3_22-05-24-.pdf\" target=\"_blank\" rel=\"noopener\">kattendorf_gv03-sitzungsprotokoll_2024-06-07_2024-05-22<\/a><\/li>\n<li><a href=\"https:\/\/www.kattendorf.de\/www1\/wp-content\/uploads\/2024\/12\/Protokoll-GV4-v.-26.11.2024.pdf\" target=\"_blank\" rel=\"noopener\">kattendorf_gv04-sitzungsprotokoll_2024-12-17_2024-11-26<\/a><\/li>\n<li><a href=\"https:\/\/www.kattendorf.de\/www1\/wp-content\/uploads\/2025\/03\/Protokoll_GV-Nr.-5-v.-03.03.25.pdf\" target=\"_blank\" rel=\"noopener\">kattendorf_gv05-sitzungsprotokoll_2025-03-03<\/a><\/li>\n<li><a href=\"https:\/\/www.kattendorf.de\/www1\/wp-content\/uploads\/2025\/05\/Protokoll_GV-Nr.-6-v.-21.05.25.pdf\" target=\"_blank\" rel=\"noopener\">kattendorf_gv06-sitzungsprotokoll_2025-05-21<\/a><\/li>\n<li><a href=\"https:\/\/www.kattendorf.de\/www1\/wp-content\/uploads\/2025\/08\/Protokoll-GV-Nr.-7-v.-23.07.2025.pdf\" target=\"_blank\" rel=\"noopener\">kattendorf_gv07-sitzungsprotokoll_2025-07-28<\/a><\/li>\n<li><a href=\"https:\/\/www.kattendorf.de\/www1\/wp-content\/uploads\/2026\/03\/Protokoll-GV-Nr.-8-v.-25.03.2026.pdf\" target=\"_blank\" rel=\"noopener\">kattendorf_gv08-sitzungsprotokoll_2026-03-25<\/a><\/li>\n<\/ul>\n<\/li>\n<\/ul>\n<\/li>\n<\/ul>\n","protected":false},"excerpt":{"rendered":"<p>Die Gemeinde Kattendorf als selbst\u00e4ndige politische Gemeinde wird von der 11k\u00f6pfigen Gemeindevertretung regiert. Es bestehen die\u00a0 Gemeindeaussch\u00fcsse &#8222;Ausschuss f\u00fcr Soziales, Kultur und Sport&#8220;, der &#8222;Bau- und Planungsausschuss&#8220; sowie der &#8222;Finanzausschuss&#8220;. An ihrer Spitze steht der ehrenamtliche B\u00fcrgermeister. Die Sitzungen finden \u00f6ffentlich statt. Interessierte B\u00fcrgern werden \u00fcber die Internet-Seite Die n\u00e4chste Sitzung und durch ein gebuchtes Newsletter informiert. Des weiteren \u00fcber [&hellip;]<\/p>\n","protected":false},"author":1,"featured_media":0,"parent":1427,"menu_order":2,"comment_status":"closed","ping_status":"closed","template":"","meta":{"footnotes":""},"class_list":["post-697","page","type-page","status-publish","hentry"],"publishpress_future_action":{"enabled":false,"date":"2026-04-24 06:00:31","action":"change-status","newStatus":"draft","terms":[],"taxonomy":"","extraData":[]},"publishpress_future_workflow_manual_trigger":{"enabledWorkflows":[]},"_links":{"self":[{"href":"https:\/\/www.kattendorf.de\/www1\/index.php?rest_route=\/wp\/v2\/pages\/697","targetHints":{"allow":["GET"]}}],"collection":[{"href":"https:\/\/www.kattendorf.de\/www1\/index.php?rest_route=\/wp\/v2\/pages"}],"about":[{"href":"https:\/\/www.kattendorf.de\/www1\/index.php?rest_route=\/wp\/v2\/types\/page"}],"author":[{"embeddable":true,"href":"https:\/\/www.kattendorf.de\/www1\/index.php?rest_route=\/wp\/v2\/users\/1"}],"replies":[{"embeddable":true,"href":"https:\/\/www.kattendorf.de\/www1\/index.php?rest_route=%2Fwp%2Fv2%2Fcomments&post=697"}],"version-history":[{"count":69,"href":"https:\/\/www.kattendorf.de\/www1\/index.php?rest_route=\/wp\/v2\/pages\/697\/revisions"}],"predecessor-version":[{"id":3153,"href":"https:\/\/www.kattendorf.de\/www1\/index.php?rest_route=\/wp\/v2\/pages\/697\/revisions\/3153"}],"up":[{"embeddable":true,"href":"https:\/\/www.kattendorf.de\/www1\/index.php?rest_route=\/wp\/v2\/pages\/1427"}],"wp:attachment":[{"href":"https:\/\/www.kattendorf.de\/www1\/index.php?rest_route=%2Fwp%2Fv2%2Fmedia&parent=697"}],"curies":[{"name":"wp","href":"https:\/\/api.w.org\/{rel}","templated":true}]}}