{"id":773,"date":"2009-01-23T13:14:45","date_gmt":"2009-01-23T12:14:45","guid":{"rendered":"http:\/\/www.kattendorf.de\/www1\/?p=773"},"modified":"2026-03-25T14:59:20","modified_gmt":"2026-03-25T13:59:20","slug":"sovd-ortsverband-kattendorf","status":"publish","type":"page","link":"https:\/\/www.kattendorf.de\/www1\/?page_id=773","title":{"rendered":"SoVD Ortsverband Kattendorf\/Winsen"},"content":{"rendered":"<p><img loading=\"lazy\" decoding=\"async\" class=\"wp-image-3146 alignleft\" src=\"https:\/\/www.kattendorf.de\/www1\/wp-content\/uploads\/2026\/03\/SoVD_SH_Logo_2019.jpg\" alt=\"\" width=\"205\" height=\"132\" srcset=\"https:\/\/www.kattendorf.de\/www1\/wp-content\/uploads\/2026\/03\/SoVD_SH_Logo_2019.jpg 1049w, https:\/\/www.kattendorf.de\/www1\/wp-content\/uploads\/2026\/03\/SoVD_SH_Logo_2019-300x193.jpg 300w, https:\/\/www.kattendorf.de\/www1\/wp-content\/uploads\/2026\/03\/SoVD_SH_Logo_2019-1024x660.jpg 1024w, https:\/\/www.kattendorf.de\/www1\/wp-content\/uploads\/2026\/03\/SoVD_SH_Logo_2019-150x97.jpg 150w, https:\/\/www.kattendorf.de\/www1\/wp-content\/uploads\/2026\/03\/SoVD_SH_Logo_2019-768x495.jpg 768w, https:\/\/www.kattendorf.de\/www1\/wp-content\/uploads\/2026\/03\/SoVD_SH_Logo_2019-140x90.jpg 140w\" sizes=\"auto, (max-width: 205px) 100vw, 205px\" \/><\/p>\n<p>&nbsp;<\/p>\n<p>&nbsp;<\/p>\n<p><span style=\"font-size: x-large;\">Ortsverband Kattendorf\/Winsen<\/span><\/p>\n<p style=\"color: #cc0000; text-align: left;\"><span style=\"font-weight: bold;\">\u00a0\u00a0<\/span><span style=\"font-weight: bold;\">\u00a0 Zum Bundesverband: <\/span><a title=\"Bundesverband\" href=\"http:\/\/www.sovd.de\" target=\"_blank\" rel=\"noopener noreferrer\">www.sovd.de<\/a><span style=\"font-weight: bold;\"><br \/>\n<\/span><\/p>\n<p style=\"color: #cc0000; text-align: left;\"><span style=\"font-weight: bold;\">\u00a0 Zum Landes- \/ Kreisverband:<\/span> <a title=\"Segeberg\" href=\"http:\/\/www.sovd-sh.de\/kreisverbaende\/segeberg\/\" target=\"_blank\" rel=\"noopener noreferrer\">www.sovd-sh.de<\/a><\/p>\n<p style=\"text-align: left;\"><span style=\"font-size: medium;\"><span style=\"font-weight: bold;\">Herzlich Willkommen auf der Ortsverbands-Seite Kattendorf\/Winsen des Sozialverbandes Deutschland, Landesverband Schleswig-Holstein e.V.<\/span><\/span><\/p>\n<p style=\"text-align: left;\"><span style=\"font-weight: bold;\">1. Vorsitzender<\/span><br \/>\nHelmut Heins,\u00a0 Am Kuckuck 4, 24568 Kattendorf, Tel.:04194 &#8211; 8131<\/p>\n<p style=\"text-align: left;\"><span style=\"font-weight: bold;\">2. Vorsitzender<\/span><br \/>\nLuisa Klippel Hauptstra\u00dfe,\u00a0 24568 Winsen,<\/p>\n<p style=\"text-align: left;\"><span style=\"font-weight: bold;\">Kassenwartin<\/span><br \/>\nManuela Widdermann, Am Vogelbusch 14, 24568 Kattendorf, Tel.: 04191- 4105<\/p>\n<p style=\"text-align: left;\"><span style=\"font-weight: bold;\">Schriftf\u00fchrer<\/span><br \/>\nUdo Bargmann, Kaltenkirchener Str. 5, 24568 Kattendorf, Tel.: 04191- 8133<\/p>\n<p style=\"text-align: left;\">Stand: M\u00e4rz 2026<\/p>\n<p style=\"text-align: left;\"><span style=\"font-weight: bold;\">Der Ortsverband Kattendorf\/Winsen<\/span> hat z.Zt. 188 Mitglieder.<\/p>\n<p style=\"text-align: left;\">Wir wollen Sie hier \u00fcber unseren Ortsverband und unsere T\u00e4tigkeitsschwerpunkte informieren.<br \/>\nSeit mehr als 75 Jahren sind wir ihr zuverl\u00e4ssiger Helfer in allen sozialpolitischen Fragen.<\/p>\n<ul>\n<li>Wir helfen unseren Mitgliedern sich in den Sozialgesetzen zurechtzufinden.<\/li>\n<\/ul>\n<ul>\n<li>Hilft seinen Mitgliedern bei der Antragstellung und Durchsetzung von Anspr\u00fcchen aus dem Sozialrecht gegen\u00fcber den Beh\u00f6rden: z. B. im Rahmen der Renten-, Kranken-, Unfall-, Pflege- und Arbeitslosenversicherung sowie des sozialen Entsch\u00e4digungsrechts und des Schwerbehindertengesetzes.<\/li>\n<\/ul>\n<ul>\n<li>Er vertritt im Rahmen der Satzung die Mitglieder gegen\u00fcber \u00c4mtern, Beh\u00f6rden und vor den Gerichten der Sozialgerichtsbarkeit.<\/li>\n<\/ul>\n<ul>\n<li>Informiert \u00fcber Sozialpolitik und Sozialrecht durch Mitgliederversammlungen, aktuelle Informationsschriften und seine Mitgliederzeitung.<\/li>\n<\/ul>\n<h3><span style=\"font-size: 10pt;\">Pers\u00f6nliche Beratungen unserer Mitglieder finden statt in unseren Beratungszentren in Bad Segeberg, Tel. Nr.: 04551\/5354750, und<\/span><span style=\"font-size: 10pt;\"> in Norderstedt Tel. Nr.: 040\/237248200<\/span><br \/>\n<span style=\"font-size: 10pt;\">Unser Vorstand vermittelt Ihnen gern einen Termin !<\/span><\/h3>\n<p><a href=\"https:\/\/www.kattendorf.de\/www1\/wp-content\/uploads\/2026\/03\/Notfalldose_Praesentation_Stand-Maerz-2026.pdf\" target=\"_blank\" rel=\"noopener\"><span style=\"font-size: 14pt;\">Die NOTFALL-Dose &#8211; der Link zum PDF-download<\/span><\/a><\/p>\n<a href=\"https:\/\/www.kattendorf.de\/www1\/wp-content\/uploads\/2026\/03\/Notfalldose_Praesentation_Stand-Maerz-2026.pdf\" class=\"pdfemb-viewer\" style=\"\" data-width=\"max\" data-height=\"max\" data-toolbar=\"bottom\" data-toolbar-fixed=\"off\">Notfalldose_Pr\u00e4sentation_Stand Maerz 2026<\/a>\n","protected":false},"excerpt":{"rendered":"<p>&nbsp; &nbsp; Ortsverband Kattendorf\/Winsen \u00a0\u00a0\u00a0 Zum Bundesverband: www.sovd.de \u00a0 Zum Landes- \/ Kreisverband: www.sovd-sh.de Herzlich Willkommen auf der Ortsverbands-Seite Kattendorf\/Winsen des Sozialverbandes Deutschland, Landesverband Schleswig-Holstein e.V. 1. Vorsitzender Helmut Heins,\u00a0 Am Kuckuck 4, 24568 Kattendorf, Tel.:04194 &#8211; 8131 2. Vorsitzender Luisa Klippel Hauptstra\u00dfe,\u00a0 24568 Winsen, Kassenwartin Manuela Widdermann, Am Vogelbusch 14, 24568 Kattendorf, Tel.: 04191- 4105 Schriftf\u00fchrer Udo Bargmann, Kaltenkirchener [&hellip;]<\/p>\n","protected":false},"author":1,"featured_media":0,"parent":749,"menu_order":4,"comment_status":"closed","ping_status":"closed","template":"","meta":{"footnotes":""},"class_list":["post-773","page","type-page","status-publish","hentry"],"publishpress_future_action":{"enabled":false,"date":"2026-04-24 06:01:57","action":"change-status","newStatus":"draft","terms":[],"taxonomy":"","extraData":[]},"publishpress_future_workflow_manual_trigger":{"enabledWorkflows":[]},"_links":{"self":[{"href":"https:\/\/www.kattendorf.de\/www1\/index.php?rest_route=\/wp\/v2\/pages\/773","targetHints":{"allow":["GET"]}}],"collection":[{"href":"https:\/\/www.kattendorf.de\/www1\/index.php?rest_route=\/wp\/v2\/pages"}],"about":[{"href":"https:\/\/www.kattendorf.de\/www1\/index.php?rest_route=\/wp\/v2\/types\/page"}],"author":[{"embeddable":true,"href":"https:\/\/www.kattendorf.de\/www1\/index.php?rest_route=\/wp\/v2\/users\/1"}],"replies":[{"embeddable":true,"href":"https:\/\/www.kattendorf.de\/www1\/index.php?rest_route=%2Fwp%2Fv2%2Fcomments&post=773"}],"version-history":[{"count":23,"href":"https:\/\/www.kattendorf.de\/www1\/index.php?rest_route=\/wp\/v2\/pages\/773\/revisions"}],"predecessor-version":[{"id":1962,"href":"https:\/\/www.kattendorf.de\/www1\/index.php?rest_route=\/wp\/v2\/pages\/773\/revisions\/1962"}],"up":[{"embeddable":true,"href":"https:\/\/www.kattendorf.de\/www1\/index.php?rest_route=\/wp\/v2\/pages\/749"}],"wp:attachment":[{"href":"https:\/\/www.kattendorf.de\/www1\/index.php?rest_route=%2Fwp%2Fv2%2Fmedia&parent=773"}],"curies":[{"name":"wp","href":"https:\/\/api.w.org\/{rel}","templated":true}]}}