{"id":774,"date":"2012-07-19T23:00:00","date_gmt":"2012-07-19T21:00:00","guid":{"rendered":"http:\/\/www.kattendorf.de\/www1\/?p=774"},"modified":"2026-03-16T11:45:46","modified_gmt":"2026-03-16T10:45:46","slug":"freiwillige-feuerwehr-kattendorf","status":"publish","type":"page","link":"https:\/\/www.kattendorf.de\/www1\/?page_id=774","title":{"rendered":"Freiwillige Feuerwehr Kattendorf"},"content":{"rendered":"\r\n<h3 class=\"wp-block-heading\"><a href=\"https:\/\/www.kattendorf.de\/www1\/feuerwehr\/\" target=\"_blank\" rel=\"noreferrer noopener\" aria-label=\"Zur Seite der Feuerwehr (opens in a new tab)\">Zur Webseite der Freiwilligen Feuerwehr Kattendorf<\/a><\/h3>\r\n\r\n<p><span style=\"color: #ff0000;\"><strong>In Notf\u00e4llen w\u00e4hlen Sie immer die Notrufnummer 112 !<\/strong><\/span><\/p>\r\n<p>Die Freiwillige Feuerwehr sucht Nachwuchs in der aktiven Wehr. Interessenten, aber auch Interessentinnen, sind herzlich willkommen. Schaut einfach mal bei einem Dienstabend vorbei, oder meldet euch euch einfach bei Lars oder Robert.<\/p>\r\n<p>Die Adresse des Feuerwehrger\u00e4tehauses ist:<br \/>Kaltenkirchener Stra\u00dfe 11, 24568 Kattendorf<\/p>\r\n<p><strong>Gemeindewehrf\u00fchrer: <br \/><\/strong>Robert Schweda-Kaiser<br \/>Am Brahmberg 38<br \/>24568 Kattendorf<br \/>Tel.: 0151 4267 1441<\/p>\r\n<p>&nbsp;<\/p>\r\n<p><strong>stv. Gemeindewehrf\u00fchrer:<br \/><\/strong><br \/><br \/>24568 Kattendorf<br \/><br \/><\/p>\r\n<hr \/>\r\n<p><span style=\"font-family: arial,helvetica,sans-serif;\">\u00a0<\/span><\/p>\r\n<h2 style=\"text-align: center;\"><a title=\"Eine Rettungsgasse bilden\" href=\"https:\/\/www.youtube.com\/watch?v=n4GB1pUjSEw&amp;feature=youtu.be\" target=\"_blank\" rel=\"noopener noreferrer\"><span style=\"font-family: arial,helvetica,sans-serif;\">Die Rettungsgasse rettet Leben \u2013 Ein Miniatur Wunderland Stop Motion Film<\/span><\/a><\/h2>\r\n<p><span style=\"font-family: arial,helvetica,sans-serif;\">\u00a0<\/span><\/p>\r\n<hr \/>","protected":false},"excerpt":{"rendered":"<p>Zur Webseite der Freiwilligen Feuerwehr Kattendorf In Notf\u00e4llen w\u00e4hlen Sie immer die Notrufnummer 112 ! Die Freiwillige Feuerwehr sucht Nachwuchs in der aktiven Wehr. Interessenten, aber auch Interessentinnen, sind herzlich willkommen. Schaut einfach mal bei einem Dienstabend vorbei, oder meldet euch euch einfach bei Lars oder Robert. Die Adresse des Feuerwehrger\u00e4tehauses ist:Kaltenkirchener Stra\u00dfe 11, 24568 Kattendorf Gemeindewehrf\u00fchrer: Robert Schweda-KaiserAm Brahmberg [&hellip;]<\/p>\n","protected":false},"author":1,"featured_media":0,"parent":1427,"menu_order":6,"comment_status":"closed","ping_status":"closed","template":"","meta":{"footnotes":""},"class_list":["post-774","page","type-page","status-publish","hentry"],"publishpress_future_action":{"enabled":false,"date":"2026-04-28 12:21:50","action":"change-status","newStatus":"draft","terms":[],"taxonomy":"","extraData":[]},"publishpress_future_workflow_manual_trigger":{"enabledWorkflows":[]},"_links":{"self":[{"href":"https:\/\/www.kattendorf.de\/www1\/index.php?rest_route=\/wp\/v2\/pages\/774","targetHints":{"allow":["GET"]}}],"collection":[{"href":"https:\/\/www.kattendorf.de\/www1\/index.php?rest_route=\/wp\/v2\/pages"}],"about":[{"href":"https:\/\/www.kattendorf.de\/www1\/index.php?rest_route=\/wp\/v2\/types\/page"}],"author":[{"embeddable":true,"href":"https:\/\/www.kattendorf.de\/www1\/index.php?rest_route=\/wp\/v2\/users\/1"}],"replies":[{"embeddable":true,"href":"https:\/\/www.kattendorf.de\/www1\/index.php?rest_route=%2Fwp%2Fv2%2Fcomments&post=774"}],"version-history":[{"count":22,"href":"https:\/\/www.kattendorf.de\/www1\/index.php?rest_route=\/wp\/v2\/pages\/774\/revisions"}],"predecessor-version":[{"id":3139,"href":"https:\/\/www.kattendorf.de\/www1\/index.php?rest_route=\/wp\/v2\/pages\/774\/revisions\/3139"}],"up":[{"embeddable":true,"href":"https:\/\/www.kattendorf.de\/www1\/index.php?rest_route=\/wp\/v2\/pages\/1427"}],"wp:attachment":[{"href":"https:\/\/www.kattendorf.de\/www1\/index.php?rest_route=%2Fwp%2Fv2%2Fmedia&parent=774"}],"curies":[{"name":"wp","href":"https:\/\/api.w.org\/{rel}","templated":true}]}}